{"id":1834,"date":"2022-09-23T08:43:42","date_gmt":"2022-09-23T08:43:42","guid":{"rendered":"https:\/\/demo.7iquid.com\/carmelina\/?page_id=1834"},"modified":"2025-10-14T13:08:27","modified_gmt":"2025-10-14T13:08:27","slug":"promotions-offer","status":"publish","type":"page","link":"https:\/\/rabatriads.com\/en\/promotions-offer\/","title":{"rendered":"Promotions &amp; Offer"},"content":{"rendered":"<div data-elementor-type=\"wp-page\" data-elementor-id=\"1834\" class=\"elementor elementor-1834\" data-elementor-post-type=\"page\">\n\t\t\t\t        <section class=\"elementor-section elementor-top-section elementor-element elementor-element-79dcc1e elementor-section-boxed elementor-section-height-default elementor-section-height-default pxl-section-static-pos-no pxl-section-overflow-hidden-no pxl-container-margin-auto-no\" data-id=\"79dcc1e\" data-element_type=\"section\">\n\n                \n                <div class=\"elementor-container elementor-column-gap-default\">\n                <div class=\"elementor-column elementor-col-100 elementor-top-column elementor-element elementor-element-7830b5d col-offset-none pxl-column-element-default pxl-column-overflow-hidden-no\" data-id=\"7830b5d\" data-element_type=\"column\">\n        <div class=\"elementor-widget-wrap elementor-element-populated\">\n                    \t\t<div class=\"elementor-element elementor-element-eccd459 elementor-invisible pxl-elementor-animate elementor-widget elementor-widget-pxl_text_editor\" data-id=\"eccd459\" data-element_type=\"widget\" data-settings=\"{&quot;_animation&quot;:&quot;fadeInUp&quot;}\" data-widget_type=\"pxl_text_editor.default\">\n\t\t\t\t<div class=\"elementor-widget-container\">\n\t\t\t<div id=\"pxl_text_editor-eccd459-3521\" class=\"pxl-text-editor-wrap d-flex\" >\n\t<div class=\"pxl-text-editor elementor-clearfix\">\n\t\t<h4>Treat yourself with our best offers<\/h4>\t\t\n\t<\/div>\n<\/div>\t\t<\/div>\n\t\t\t\t<\/div>\n\t\t\t\t<div class=\"elementor-element elementor-element-c11b9ef elementor-widget elementor-widget-pxl_divider\" data-id=\"c11b9ef\" data-element_type=\"widget\" data-widget_type=\"pxl_divider.default\">\n\t\t\t\t<div class=\"elementor-widget-container\">\n\t\t\t<div class=\"pxl-divider horizontal animated normal\"><div class=\"pxl-divider-separator\"><\/div><\/div>\t\t<\/div>\n\t\t\t\t<\/div>\n\t\t            <\/div>\n        <\/div>\n        \t\t\t<\/div>\n\t\t<\/section>\n\t\t<div class=\"elementor-element elementor-element-852f017 e-flex e-con-boxed e-con e-parent\" data-id=\"852f017\" data-element_type=\"container\">\n\t\t\t\t\t<div class=\"e-con-inner\">\n\t\t<div class=\"elementor-element elementor-element-7255bf8 e-con-full e-flex elementor-invisible pxl-elementor-animate e-con e-child\" data-id=\"7255bf8\" data-element_type=\"container\" data-settings=\"{&quot;animation&quot;:&quot;fadeInLeft&quot;}\">\n\t\t\t\t<div class=\"elementor-element elementor-element-4fbbd57 elementor-position-top elementor-widget elementor-widget-image-box\" data-id=\"4fbbd57\" data-element_type=\"widget\" data-widget_type=\"image-box.default\">\n\t\t\t\t<div class=\"elementor-widget-container\">\n\t\t\t<style>.elementor-widget-image-box .elementor-image-box-content{width:100%}@media (min-width:576px){.elementor-widget-image-box.elementor-position-left .elementor-image-box-wrapper,.elementor-widget-image-box.elementor-position-right .elementor-image-box-wrapper{display:flex}.elementor-widget-image-box.elementor-position-right .elementor-image-box-wrapper{text-align:end;flex-direction:row-reverse}.elementor-widget-image-box.elementor-position-left .elementor-image-box-wrapper{text-align:start;flex-direction:row}.elementor-widget-image-box.elementor-position-top .elementor-image-box-img{margin:auto}.elementor-widget-image-box.elementor-vertical-align-top .elementor-image-box-wrapper{align-items:flex-start}.elementor-widget-image-box.elementor-vertical-align-middle .elementor-image-box-wrapper{align-items:center}.elementor-widget-image-box.elementor-vertical-align-bottom .elementor-image-box-wrapper{align-items:flex-end}}@media (max-width:575px){.elementor-widget-image-box .elementor-image-box-img{margin-left:auto!important;margin-right:auto!important;margin-bottom:15px}}.elementor-widget-image-box .elementor-image-box-img{display:inline-block}.elementor-widget-image-box .elementor-image-box-title a{color:inherit}.elementor-widget-image-box .elementor-image-box-wrapper{text-align:center}.elementor-widget-image-box .elementor-image-box-description{margin:0}<\/style><div class=\"elementor-image-box-wrapper\"><figure class=\"elementor-image-box-img\"><img fetchpriority=\"high\" decoding=\"async\" width=\"699\" height=\"438\" src=\"https:\/\/rabatriads.com\/wp-content\/uploads\/2025\/08\/OFFRE-SPECIALE-Aout-25-Lunch-Piscine.jpg\" class=\"attachment-full size-full wp-image-21372\" alt=\"\" srcset=\"https:\/\/rabatriads.com\/wp-content\/uploads\/2025\/08\/OFFRE-SPECIALE-Aout-25-Lunch-Piscine.jpg 699w, https:\/\/rabatriads.com\/wp-content\/uploads\/2025\/08\/OFFRE-SPECIALE-Aout-25-Lunch-Piscine-18x12.jpg 18w\" sizes=\"(max-width: 699px) 100vw, 699px\" \/><\/figure><div class=\"elementor-image-box-content\"><h3 class=\"elementor-image-box-title\">RIAD KALAA<\/h3><p class=\"elementor-image-box-description\">August 2025 - Pool access + lunch - 400 dhs\/person - ON RESERVATION<\/p><\/div><\/div>\t\t<\/div>\n\t\t\t\t<\/div>\n\t\t\t\t<\/div>\n\t\t<div class=\"elementor-element elementor-element-b173951 e-con-full e-flex elementor-invisible pxl-elementor-animate e-con e-child\" data-id=\"b173951\" data-element_type=\"container\" data-settings=\"{&quot;animation&quot;:&quot;fadeInUp&quot;}\">\n\t\t\t\t<div class=\"elementor-element elementor-element-b40f749 elementor-position-top elementor-widget elementor-widget-image-box\" data-id=\"b40f749\" data-element_type=\"widget\" data-settings=\"{&quot;_animation&quot;:&quot;none&quot;}\" data-widget_type=\"image-box.default\">\n\t\t\t\t<div class=\"elementor-widget-container\">\n\t\t\t<div class=\"elementor-image-box-wrapper\"><figure class=\"elementor-image-box-img\"><a href=\"http:\/\/ou\" tabindex=\"-1\"><img decoding=\"async\" width=\"872\" height=\"542\" src=\"https:\/\/rabatriads.com\/wp-content\/uploads\/2025\/10\/OFFRE-SPECIALE-RK2DD-11-25-1.jpg\" class=\"attachment-full size-full wp-image-21527\" alt=\"\" srcset=\"https:\/\/rabatriads.com\/wp-content\/uploads\/2025\/10\/OFFRE-SPECIALE-RK2DD-11-25-1.jpg 872w, https:\/\/rabatriads.com\/wp-content\/uploads\/2025\/10\/OFFRE-SPECIALE-RK2DD-11-25-1-768x477.jpg 768w, https:\/\/rabatriads.com\/wp-content\/uploads\/2025\/10\/OFFRE-SPECIALE-RK2DD-11-25-1-18x12.jpg 18w\" sizes=\"(max-width: 872px) 100vw, 872px\" \/><\/a><\/figure><div class=\"elementor-image-box-content\"><h3 class=\"elementor-image-box-title\"><a href=\"http:\/\/ou\">RIAD KALAA 2 and DAR DAR<\/a><\/h3><p class=\"elementor-image-box-description\">Special Offer August 2025\nFor reservations of 2 days or more at RIAD KALAA 2 or RIAD DAR DAR <\/p><\/div><\/div>\t\t<\/div>\n\t\t\t\t<\/div>\n\t\t\t\t<\/div>\n\t\t<div class=\"elementor-element elementor-element-64aee0c e-con-full e-flex elementor-invisible pxl-elementor-animate e-con e-child\" data-id=\"64aee0c\" data-element_type=\"container\" data-settings=\"{&quot;animation&quot;:&quot;fadeInRight&quot;}\">\n\t\t\t\t<div class=\"elementor-element elementor-element-180b6f9 elementor-position-top elementor-widget elementor-widget-image-box\" data-id=\"180b6f9\" data-element_type=\"widget\" data-settings=\"{&quot;_animation&quot;:&quot;none&quot;}\" data-widget_type=\"image-box.default\">\n\t\t\t\t<div class=\"elementor-widget-container\">\n\t\t\t<div class=\"elementor-image-box-wrapper\"><figure class=\"elementor-image-box-img\"><img decoding=\"async\" width=\"876\" height=\"550\" src=\"https:\/\/rabatriads.com\/wp-content\/uploads\/2024\/08\/OFFRE-SPECIALE-RL-A.jpg\" class=\"attachment-full size-full wp-image-18606\" alt=\"\" sizes=\"(max-width: 876px) 100vw, 876px\" \/><\/figure><div class=\"elementor-image-box-content\"><h3 class=\"elementor-image-box-title\">RIAD LOUANE <\/h3><p class=\"elementor-image-box-description\">From 15\/11\/24 to 20\/12\/24 - 1 Plate of Moroccan Pastries for all bookings of 2 days or more.<\/p><\/div><\/div>\t\t<\/div>\n\t\t\t\t<\/div>\n\t\t\t\t<\/div>\n\t\t\t\t\t<\/div>\n\t\t\t\t<\/div>\n\t\t\t\t<\/div>","protected":false},"excerpt":{"rendered":"<p>Faites vous plaisir avec nos meilleures offres RIAD KALAA Aout 2025 &#8211; Acc\u00e8s piscine + lunch &#8211; 400 dhs\/personne &#8211; SUR RESERVATION RIAD KALAA 2 et DAR DAR Offre Sp\u00e9ciale Ao\u00fbt 2025 Pour Toute r\u00e9servation de 2 jours ou plus au RIAD KALAA 2 ou RIAD DAR DAR RIAD LOUANE Du 15\/11\/24 au 20\/12\/24 \u2013 [&hellip;]<\/p>","protected":false},"author":1,"featured_media":0,"parent":0,"menu_order":0,"comment_status":"closed","ping_status":"closed","template":"","meta":{"footnotes":""},"folder":[89],"class_list":["post-1834","page","type-page","status-publish","hentry"],"yoast_head":"<!-- This site is optimized with the Yoast SEO plugin v25.6 - https:\/\/yoast.com\/wordpress\/plugins\/seo\/ -->\n<title>Promotions &amp; Offer - Rabat Riads<\/title>\n<meta name=\"robots\" content=\"index, follow, max-snippet:-1, max-image-preview:large, max-video-preview:-1\" \/>\n<link rel=\"canonical\" href=\"https:\/\/rabatriads.com\/en\/promotions-offer\/\" \/>\n<meta property=\"og:locale\" content=\"en_GB\" \/>\n<meta property=\"og:type\" content=\"article\" \/>\n<meta property=\"og:title\" content=\"Promotions &amp; Offer - Rabat Riads\" \/>\n<meta property=\"og:description\" content=\"Faites vous plaisir avec nos meilleures offres RIAD KALAA Aout 2025 &#8211; Acc\u00e8s piscine + lunch &#8211; 400 dhs\/personne &#8211; SUR RESERVATION RIAD KALAA 2 et DAR DAR Offre Sp\u00e9ciale Ao\u00fbt 2025 Pour Toute r\u00e9servation de 2 jours ou plus au RIAD KALAA 2 ou RIAD DAR DAR RIAD LOUANE Du 15\/11\/24 au 20\/12\/24 \u2013 [&hellip;]\" \/>\n<meta property=\"og:url\" content=\"https:\/\/rabatriads.com\/en\/promotions-offer\/\" \/>\n<meta property=\"og:site_name\" content=\"Rabat Riads\" \/>\n<meta property=\"article:modified_time\" content=\"2025-10-14T13:08:27+00:00\" \/>\n<meta property=\"og:image\" content=\"https:\/\/rabatriads.com\/wp-content\/uploads\/2025\/08\/OFFRE-SPECIALE-Aout-25-Lunch-Piscine.jpg\" \/>\n\t<meta property=\"og:image:width\" content=\"699\" \/>\n\t<meta property=\"og:image:height\" content=\"438\" \/>\n\t<meta property=\"og:image:type\" content=\"image\/jpeg\" \/>\n<meta name=\"twitter:card\" content=\"summary_large_image\" \/>\n<meta name=\"twitter:label1\" content=\"Estimated reading time\" \/>\n\t<meta name=\"twitter:data1\" content=\"1 minute\" \/>\n<script type=\"application\/ld+json\" class=\"yoast-schema-graph\">{\"@context\":\"https:\/\/schema.org\",\"@graph\":[{\"@type\":\"WebPage\",\"@id\":\"https:\/\/rabatriads.com\/promotions-offer\/\",\"url\":\"https:\/\/rabatriads.com\/promotions-offer\/\",\"name\":\"Promotions & Offer - Rabat Riads\",\"isPartOf\":{\"@id\":\"https:\/\/rabatriads.com\/#website\"},\"primaryImageOfPage\":{\"@id\":\"https:\/\/rabatriads.com\/promotions-offer\/#primaryimage\"},\"image\":{\"@id\":\"https:\/\/rabatriads.com\/promotions-offer\/#primaryimage\"},\"thumbnailUrl\":\"https:\/\/rabatriads.com\/wp-content\/uploads\/2025\/08\/OFFRE-SPECIALE-Aout-25-Lunch-Piscine.jpg\",\"datePublished\":\"2022-09-23T08:43:42+00:00\",\"dateModified\":\"2025-10-14T13:08:27+00:00\",\"breadcrumb\":{\"@id\":\"https:\/\/rabatriads.com\/promotions-offer\/#breadcrumb\"},\"inLanguage\":\"en-GB\",\"potentialAction\":[{\"@type\":\"ReadAction\",\"target\":[\"https:\/\/rabatriads.com\/promotions-offer\/\"]}]},{\"@type\":\"ImageObject\",\"inLanguage\":\"en-GB\",\"@id\":\"https:\/\/rabatriads.com\/promotions-offer\/#primaryimage\",\"url\":\"https:\/\/rabatriads.com\/wp-content\/uploads\/2025\/08\/OFFRE-SPECIALE-Aout-25-Lunch-Piscine.jpg\",\"contentUrl\":\"https:\/\/rabatriads.com\/wp-content\/uploads\/2025\/08\/OFFRE-SPECIALE-Aout-25-Lunch-Piscine.jpg\"},{\"@type\":\"BreadcrumbList\",\"@id\":\"https:\/\/rabatriads.com\/promotions-offer\/#breadcrumb\",\"itemListElement\":[{\"@type\":\"ListItem\",\"position\":1,\"name\":\"Accueil\",\"item\":\"https:\/\/rabatriads.com\/\"},{\"@type\":\"ListItem\",\"position\":2,\"name\":\"Promotions &#038; Offer\"}]},{\"@type\":\"WebSite\",\"@id\":\"https:\/\/rabatriads.com\/#website\",\"url\":\"https:\/\/rabatriads.com\/\",\"name\":\"Rabat Riads\",\"description\":\"DES ENDROITS AUTHENTIQUES POUR UNE EXPERIENCE UNIQUE\",\"publisher\":{\"@id\":\"https:\/\/rabatriads.com\/#organization\"},\"potentialAction\":[{\"@type\":\"SearchAction\",\"target\":{\"@type\":\"EntryPoint\",\"urlTemplate\":\"https:\/\/rabatriads.com\/?s={search_term_string}\"},\"query-input\":{\"@type\":\"PropertyValueSpecification\",\"valueRequired\":true,\"valueName\":\"search_term_string\"}}],\"inLanguage\":\"en-GB\"},{\"@type\":\"Organization\",\"@id\":\"https:\/\/rabatriads.com\/#organization\",\"name\":\"Rabat Riads\",\"url\":\"https:\/\/rabatriads.com\/\",\"logo\":{\"@type\":\"ImageObject\",\"inLanguage\":\"en-GB\",\"@id\":\"https:\/\/rabatriads.com\/#\/schema\/logo\/image\/\",\"url\":\"https:\/\/rabatriads.com\/wp-content\/uploads\/2022\/08\/rabat-riads-logo-removebg-preview.png\",\"contentUrl\":\"https:\/\/rabatriads.com\/wp-content\/uploads\/2022\/08\/rabat-riads-logo-removebg-preview.png\",\"width\":1034,\"height\":234,\"caption\":\"Rabat Riads\"},\"image\":{\"@id\":\"https:\/\/rabatriads.com\/#\/schema\/logo\/image\/\"}}]}<\/script>\n<!-- \/ Yoast SEO plugin. -->","yoast_head_json":{"title":"Promotions & Offer - Rabat Riads","robots":{"index":"index","follow":"follow","max-snippet":"max-snippet:-1","max-image-preview":"max-image-preview:large","max-video-preview":"max-video-preview:-1"},"canonical":"https:\/\/rabatriads.com\/en\/promotions-offer\/","og_locale":"en_GB","og_type":"article","og_title":"Promotions & Offer - Rabat Riads","og_description":"Faites vous plaisir avec nos meilleures offres RIAD KALAA Aout 2025 &#8211; Acc\u00e8s piscine + lunch &#8211; 400 dhs\/personne &#8211; SUR RESERVATION RIAD KALAA 2 et DAR DAR Offre Sp\u00e9ciale Ao\u00fbt 2025 Pour Toute r\u00e9servation de 2 jours ou plus au RIAD KALAA 2 ou RIAD DAR DAR RIAD LOUANE Du 15\/11\/24 au 20\/12\/24 \u2013 [&hellip;]","og_url":"https:\/\/rabatriads.com\/en\/promotions-offer\/","og_site_name":"Rabat Riads","article_modified_time":"2025-10-14T13:08:27+00:00","og_image":[{"width":699,"height":438,"url":"https:\/\/rabatriads.com\/wp-content\/uploads\/2025\/08\/OFFRE-SPECIALE-Aout-25-Lunch-Piscine.jpg","type":"image\/jpeg"}],"twitter_card":"summary_large_image","twitter_misc":{"Estimated reading time":"1 minute"},"schema":{"@context":"https:\/\/schema.org","@graph":[{"@type":"WebPage","@id":"https:\/\/rabatriads.com\/promotions-offer\/","url":"https:\/\/rabatriads.com\/promotions-offer\/","name":"Promotions & Offer - Rabat Riads","isPartOf":{"@id":"https:\/\/rabatriads.com\/#website"},"primaryImageOfPage":{"@id":"https:\/\/rabatriads.com\/promotions-offer\/#primaryimage"},"image":{"@id":"https:\/\/rabatriads.com\/promotions-offer\/#primaryimage"},"thumbnailUrl":"https:\/\/rabatriads.com\/wp-content\/uploads\/2025\/08\/OFFRE-SPECIALE-Aout-25-Lunch-Piscine.jpg","datePublished":"2022-09-23T08:43:42+00:00","dateModified":"2025-10-14T13:08:27+00:00","breadcrumb":{"@id":"https:\/\/rabatriads.com\/promotions-offer\/#breadcrumb"},"inLanguage":"en-GB","potentialAction":[{"@type":"ReadAction","target":["https:\/\/rabatriads.com\/promotions-offer\/"]}]},{"@type":"ImageObject","inLanguage":"en-GB","@id":"https:\/\/rabatriads.com\/promotions-offer\/#primaryimage","url":"https:\/\/rabatriads.com\/wp-content\/uploads\/2025\/08\/OFFRE-SPECIALE-Aout-25-Lunch-Piscine.jpg","contentUrl":"https:\/\/rabatriads.com\/wp-content\/uploads\/2025\/08\/OFFRE-SPECIALE-Aout-25-Lunch-Piscine.jpg"},{"@type":"BreadcrumbList","@id":"https:\/\/rabatriads.com\/promotions-offer\/#breadcrumb","itemListElement":[{"@type":"ListItem","position":1,"name":"Accueil","item":"https:\/\/rabatriads.com\/"},{"@type":"ListItem","position":2,"name":"Promotions &#038; Offer"}]},{"@type":"WebSite","@id":"https:\/\/rabatriads.com\/#website","url":"https:\/\/rabatriads.com\/","name":"Rabat Riads","description":"DES ENDROITS AUTHENTIQUES POUR UNE EXPERIENCE UNIQUE","publisher":{"@id":"https:\/\/rabatriads.com\/#organization"},"potentialAction":[{"@type":"SearchAction","target":{"@type":"EntryPoint","urlTemplate":"https:\/\/rabatriads.com\/?s={search_term_string}"},"query-input":{"@type":"PropertyValueSpecification","valueRequired":true,"valueName":"search_term_string"}}],"inLanguage":"en-GB"},{"@type":"Organization","@id":"https:\/\/rabatriads.com\/#organization","name":"Rabat Riads","url":"https:\/\/rabatriads.com\/","logo":{"@type":"ImageObject","inLanguage":"en-GB","@id":"https:\/\/rabatriads.com\/#\/schema\/logo\/image\/","url":"https:\/\/rabatriads.com\/wp-content\/uploads\/2022\/08\/rabat-riads-logo-removebg-preview.png","contentUrl":"https:\/\/rabatriads.com\/wp-content\/uploads\/2022\/08\/rabat-riads-logo-removebg-preview.png","width":1034,"height":234,"caption":"Rabat Riads"},"image":{"@id":"https:\/\/rabatriads.com\/#\/schema\/logo\/image\/"}}]}},"_links":{"self":[{"href":"https:\/\/rabatriads.com\/en\/wp-json\/wp\/v2\/pages\/1834","targetHints":{"allow":["GET"]}}],"collection":[{"href":"https:\/\/rabatriads.com\/en\/wp-json\/wp\/v2\/pages"}],"about":[{"href":"https:\/\/rabatriads.com\/en\/wp-json\/wp\/v2\/types\/page"}],"author":[{"embeddable":true,"href":"https:\/\/rabatriads.com\/en\/wp-json\/wp\/v2\/users\/1"}],"replies":[{"embeddable":true,"href":"https:\/\/rabatriads.com\/en\/wp-json\/wp\/v2\/comments?post=1834"}],"version-history":[{"count":0,"href":"https:\/\/rabatriads.com\/en\/wp-json\/wp\/v2\/pages\/1834\/revisions"}],"wp:attachment":[{"href":"https:\/\/rabatriads.com\/en\/wp-json\/wp\/v2\/media?parent=1834"}],"wp:term":[{"taxonomy":"folder","embeddable":true,"href":"https:\/\/rabatriads.com\/en\/wp-json\/wp\/v2\/folder?post=1834"}],"curies":[{"name":"wp","href":"https:\/\/api.w.org\/{rel}","templated":true}]}}