{"id":18052,"date":"2024-07-25T12:17:47","date_gmt":"2024-07-25T12:17:47","guid":{"rendered":"https:\/\/rabatriads.com\/?page_id=18052"},"modified":"2026-02-11T15:53:44","modified_gmt":"2026-02-11T15:53:44","slug":"evenements","status":"publish","type":"page","link":"https:\/\/rabatriads.com\/en\/evenements\/","title":{"rendered":"Events"},"content":{"rendered":"<div data-elementor-type=\"wp-page\" data-elementor-id=\"18052\" class=\"elementor elementor-18052\" data-elementor-post-type=\"page\">\n\t\t\t\t        <section class=\"elementor-section elementor-top-section elementor-element elementor-element-668f196 elementor-section-boxed elementor-section-height-default elementor-section-height-default pxl-section-static-pos-no pxl-section-overflow-hidden-no pxl-container-margin-auto-no\" data-id=\"668f196\" data-element_type=\"section\">\n\n                \n                <div class=\"elementor-container elementor-column-gap-default\">\n                <div class=\"elementor-column elementor-col-100 elementor-top-column elementor-element elementor-element-b977a3e col-offset-none pxl-column-element-default pxl-column-overflow-hidden-no\" data-id=\"b977a3e\" data-element_type=\"column\">\n        <div class=\"elementor-widget-wrap elementor-element-populated\">\n                    \t\t<div class=\"elementor-element elementor-element-a034fcd elementor-widget elementor-widget-pxl_heading\" data-id=\"a034fcd\" data-element_type=\"widget\" data-widget_type=\"pxl_heading.default\">\n\t\t\t\t<div class=\"elementor-widget-container\">\n\t\t\t<div class=\"pxl-heading-wrap d-flex\">\n    <div class=\"pxl-heading-inner center\">\n                <h2 class=\"heading-title pxl-animate pxl-invisible animated-normal\" data-settings=\"{&quot;animation&quot;:&quot;fadeInUp&quot;,&quot;animation_delay&quot;:300}\">\n                        events         <\/h2>\n            <\/div>\n<\/div>\n\n\t\t<\/div>\n\t\t\t\t<\/div>\n\t\t\t\t<div class=\"elementor-element elementor-element-be28167 elementor-widget elementor-widget-pxl_text_editor\" data-id=\"be28167\" data-element_type=\"widget\" data-widget_type=\"pxl_text_editor.default\">\n\t\t\t\t<div class=\"elementor-widget-container\">\n\t\t\t<div id=\"pxl_text_editor-be28167-1741\" class=\"pxl-text-editor-wrap d-flex  pxl-animate pxl-invisible animated-normal\" data-settings=\"{&quot;animation&quot;:&quot;fadeInUp&quot;,&quot;animation_delay&quot;:100}\" >\n\t<div class=\"pxl-text-editor elementor-clearfix\">\n\t\t<p style=\"text-align: center;\">Royal and cultural, Rabat is a UNESCO World Heritage Site.<\/p><p>MOROCCO TO HOST THE CAN IN DECEMBER 2025<\/p><p style=\"text-align: center;\">Music, exhibitions, festivals, competitions - Morocco's capital offers a rich and varied calendar of events of all kinds.<\/p>\t\t\n\t<\/div>\n<\/div>\t\t<\/div>\n\t\t\t\t<\/div>\n\t\t            <\/div>\n        <\/div>\n        \t\t\t<\/div>\n\t\t<\/section>\n\t\t        <section class=\"elementor-section elementor-top-section elementor-element elementor-element-3f0316d elementor-section-content-space-around elementor-section-boxed elementor-section-height-default elementor-section-height-default pxl-section-static-pos-no pxl-section-overflow-hidden-no pxl-container-margin-auto-no\" data-id=\"3f0316d\" data-element_type=\"section\" data-settings=\"{&quot;background_background&quot;:&quot;classic&quot;}\">\n\n                \n                <div class=\"elementor-container elementor-column-gap-extended\">\n                <div class=\"elementor-column elementor-col-50 elementor-top-column elementor-element elementor-element-000da53 col-offset-none pxl-column-element-default pxl-column-overflow-hidden-no elementor-invisible pxl-elementor-animate\" data-id=\"000da53\" data-element_type=\"column\" data-settings=\"{&quot;animation&quot;:&quot;fadeInLeft&quot;}\">\n        <div class=\"elementor-widget-wrap elementor-element-populated\">\n                    \t\t<div class=\"elementor-element elementor-element-5ec9e6c pxl-fancybox-layout-2 pxl-svg-animated-true elementor-widget elementor-widget-pxl_fancy_box\" data-id=\"5ec9e6c\" data-element_type=\"widget\" data-settings=\"{&quot;animate_speed&quot;:2}\" data-widget_type=\"pxl_fancy_box.default\">\n\t\t\t\t<div class=\"elementor-widget-container\">\n\t\t\t \n<div class=\"pxl-fancybox-wrap d-flex text-center layout-2\">\n    <div class=\"fancybox-inner relative\">\n                    <div class=\"parallax-inner\"   style=\"--pxl-image-bg-parallax-inner: url(https:\/\/rabatriads.com\/wp-content\/uploads\/2025\/07\/Fado-Festival.jpeg)\"><\/div>\n                \n        <div class=\"inner-wrap\">\n                          \n            <div class=\"pxl-fancybox-content\">\n                                <h3 class=\"title pxl-heading\">\n                    FADO FESTIVAL                <\/h3>\n                                                <div class=\"desc\">\n                    18 and 19 September 2025 AT THE THEATRE MOHAMED V                <\/div>\n                                <a class=\"pxl-readmore d-flex align-items-center\" href=\"https:\/\/www.hitradio.ma\/event\/Festival-Fado-Rabat-2025-Deux-Soir%C3%A9es-d%E2%80%99Hommage-et-d%E2%80%99%C3%89motions-Portugaises\" target=\"_blank\">                    <span class=\"pxl-button-text\">View More<\/span>\n                    <span class=\"pxl-icon pxli-long-arrow-right\"><\/span>\n                <\/a>            <\/div> \n        <\/div>\n        <div class=\"title-bottom\">\n                            <h3 class=\"title pxl-heading\">\n                    FADO FESTIVAL                <\/h3>\n                    <\/div>\n    <\/div>  \n<\/div>\n \n\n\n\n\t\t<\/div>\n\t\t\t\t<\/div>\n\t\t            <\/div>\n        <\/div>\n                <div class=\"elementor-column elementor-col-50 elementor-top-column elementor-element elementor-element-38795ac col-offset-none pxl-column-element-default pxl-pll-transform pxl-column-overflow-hidden-no elementor-invisible pxl-elementor-animate\" data-id=\"38795ac\" data-element_type=\"column\" data-settings=\"{&quot;animation&quot;:&quot;fadeInRight&quot;}\">\n        <div class=\"elementor-widget-wrap elementor-element-populated\">\n            <div class=\"pxl-column-bg-parallax-outer\"><div class=\"pxl-column-bg-parallax\" data-parallax=\"[]\"><\/div><\/div>        \t\t<div class=\"elementor-element elementor-element-052b4ec pxl-fancybox-layout-2 pxl-svg-animated-true elementor-widget elementor-widget-pxl_fancy_box\" data-id=\"052b4ec\" data-element_type=\"widget\" data-settings=\"{&quot;animate_speed&quot;:2}\" data-widget_type=\"pxl_fancy_box.default\">\n\t\t\t\t<div class=\"elementor-widget-container\">\n\t\t\t \n<div class=\"pxl-fancybox-wrap d-flex text-center layout-2\">\n    <div class=\"fancybox-inner relative\">\n                \n        <div class=\"inner-wrap\">\n                          \n            <div class=\"pxl-fancybox-content\">\n                                <h3 class=\"title pxl-heading\">\n                    LONGINES GLOBAL CHAMION TOUR 2025                <\/h3>\n                                                <div class=\"desc\">\n                    FROM 17 TO 19 OCTOBER 2025 - The world's 30 best riders - In a magnificent setting - Fun Village - Catering - Entertainment                <\/div>\n                                <a class=\"pxl-readmore d-flex align-items-center\" href=\"https:\/\/if-maroc.org\/rabat\/evenements\/musique-mozart-au-maroc-par-le-concert-spirituel-le-choeur-de-chambre-du\/#\/\" target=\"_blank\">                    <span class=\"pxl-button-text\">View More<\/span>\n                    <span class=\"pxl-icon pxli-long-arrow-right\"><\/span>\n                <\/a>            <\/div> \n        <\/div>\n        <div class=\"title-bottom\">\n                            <h3 class=\"title pxl-heading\">\n                    LONGINES GLOBAL CHAMION TOUR 2025                <\/h3>\n                    <\/div>\n    <\/div>  \n<\/div>\n \n\n\n\n\t\t<\/div>\n\t\t\t\t<\/div>\n\t\t            <\/div>\n        <\/div>\n        \t\t\t<\/div>\n\t\t<\/section>\n\t\t        <section class=\"elementor-section elementor-top-section elementor-element elementor-element-92024c1 elementor-section-content-space-around elementor-section-boxed elementor-section-height-default elementor-section-height-default pxl-section-static-pos-no pxl-section-overflow-hidden-no pxl-container-margin-auto-no\" data-id=\"92024c1\" data-element_type=\"section\" data-settings=\"{&quot;background_background&quot;:&quot;classic&quot;}\">\n\n                \n                <div class=\"elementor-container elementor-column-gap-extended\">\n                <div class=\"elementor-column elementor-col-50 elementor-top-column elementor-element elementor-element-1bc845a col-offset-none pxl-column-element-default pxl-pll-transform pxl-column-overflow-hidden-no elementor-invisible pxl-elementor-animate\" data-id=\"1bc845a\" data-element_type=\"column\" data-settings=\"{&quot;animation&quot;:&quot;fadeInLeft&quot;}\">\n        <div class=\"elementor-widget-wrap elementor-element-populated\">\n            <div class=\"pxl-column-bg-parallax-outer\"><div class=\"pxl-column-bg-parallax\" data-parallax=\"[]\"><\/div><\/div>        \t\t<div class=\"elementor-element elementor-element-0d0cf10 pxl-fancybox-layout-2 pxl-svg-animated-true elementor-widget elementor-widget-pxl_fancy_box\" data-id=\"0d0cf10\" data-element_type=\"widget\" data-settings=\"{&quot;animate_speed&quot;:2}\" data-widget_type=\"pxl_fancy_box.default\">\n\t\t\t\t<div class=\"elementor-widget-container\">\n\t\t\t \n<div class=\"pxl-fancybox-wrap d-flex text-center layout-2\">\n    <div class=\"fancybox-inner relative\">\n                \n        <div class=\"inner-wrap\">\n                          \n            <div class=\"pxl-fancybox-content\">\n                                <h3 class=\"title pxl-heading\">\n                    20th MAWAZINE FESTIVAL                <\/h3>\n                                                <div class=\"desc\">\n                    from 20 to 28 June 2025                <\/div>\n                                <a class=\"pxl-readmore d-flex align-items-center\" href=\"https:\/\/mawazine.ma\/fr\/\" target=\"_blank\">                    <span class=\"pxl-button-text\">View More<\/span>\n                    <span class=\"pxl-icon pxli-long-arrow-right\"><\/span>\n                <\/a>            <\/div> \n        <\/div>\n        <div class=\"title-bottom\">\n                            <h3 class=\"title pxl-heading\">\n                    20th MAWAZINE FESTIVAL                <\/h3>\n                    <\/div>\n    <\/div>  \n<\/div>\n \n\n\n\n\t\t<\/div>\n\t\t\t\t<\/div>\n\t\t            <\/div>\n        <\/div>\n                <div class=\"elementor-column elementor-col-50 elementor-top-column elementor-element elementor-element-f11f8bc col-offset-none pxl-column-element-default pxl-pll-transform pxl-column-overflow-hidden-no elementor-invisible pxl-elementor-animate\" data-id=\"f11f8bc\" data-element_type=\"column\" data-settings=\"{&quot;animation&quot;:&quot;fadeInRight&quot;}\">\n        <div class=\"elementor-widget-wrap elementor-element-populated\">\n            <div class=\"pxl-column-bg-parallax-outer\"><div class=\"pxl-column-bg-parallax\" data-parallax=\"[]\"><\/div><\/div>        \t\t<div class=\"elementor-element elementor-element-6fe0c12 pxl-fancybox-layout-2 pxl-svg-animated-true elementor-widget elementor-widget-pxl_fancy_box\" data-id=\"6fe0c12\" data-element_type=\"widget\" data-settings=\"{&quot;animate_speed&quot;:2}\" data-widget_type=\"pxl_fancy_box.default\">\n\t\t\t\t<div class=\"elementor-widget-container\">\n\t\t\t \n<div class=\"pxl-fancybox-wrap d-flex text-center layout-2\">\n    <div class=\"fancybox-inner relative\">\n                    <div class=\"parallax-inner\"   style=\"--pxl-image-bg-parallax-inner: url(https:\/\/rabatriads.com\/wp-content\/uploads\/2025\/07\/Salon-Cheval-2025.jpg)\"><\/div>\n                \n        <div class=\"inner-wrap\">\n                          \n            <div class=\"pxl-fancybox-content\">\n                                <h3 class=\"title pxl-heading\">\n                    - HORSE SHOW - EL JADIDA                <\/h3>\n                                                <div class=\"desc\">\n                    From 30 September to 05 October                <\/div>\n                                <a class=\"pxl-readmore d-flex align-items-center\" href=\"https:\/\/www.salonducheval.ma\/seizieme-edition\" target=\"_blank\">                    <span class=\"pxl-button-text\">View More<\/span>\n                    <span class=\"pxl-icon pxli-long-arrow-right\"><\/span>\n                <\/a>            <\/div> \n        <\/div>\n        <div class=\"title-bottom\">\n                            <h3 class=\"title pxl-heading\">\n                    - HORSE SHOW - EL JADIDA                <\/h3>\n                    <\/div>\n    <\/div>  \n<\/div>\n \n\n\n\n\t\t<\/div>\n\t\t\t\t<\/div>\n\t\t            <\/div>\n        <\/div>\n        \t\t\t<\/div>\n\t\t<\/section>\n\t\t        <section class=\"elementor-section elementor-top-section elementor-element elementor-element-44d397f elementor-section-full_width elementor-section-content-space-around elementor-section-height-default elementor-section-height-default pxl-section-offset-none pxl-section-static-pos-no pxl-section-overflow-hidden-no pxl-container-margin-auto-no\" data-id=\"44d397f\" data-element_type=\"section\" data-settings=\"{&quot;background_background&quot;:&quot;classic&quot;}\">\n\n                \n                <div class=\"elementor-container elementor-column-gap-no\">\n                <div class=\"elementor-column elementor-col-50 elementor-top-column elementor-element elementor-element-cc5d220 col-offset-none pxl-column-element-default pxl-pll-transform pxl-column-overflow-hidden-no elementor-invisible pxl-elementor-animate\" data-id=\"cc5d220\" data-element_type=\"column\" data-settings=\"{&quot;animation&quot;:&quot;fadeInLeft&quot;}\">\n        <div class=\"elementor-widget-wrap elementor-element-populated\">\n            <div class=\"pxl-column-bg-parallax-outer\"><div class=\"pxl-column-bg-parallax\" data-parallax=\"[]\"><\/div><\/div>        \t\t<div class=\"elementor-element elementor-element-e071bed pxl-fancybox-layout-2 pxl-svg-animated-true elementor-widget elementor-widget-pxl_fancy_box\" data-id=\"e071bed\" data-element_type=\"widget\" data-settings=\"{&quot;animate_speed&quot;:2}\" data-widget_type=\"pxl_fancy_box.default\">\n\t\t\t\t<div class=\"elementor-widget-container\">\n\t\t\t \n<div class=\"pxl-fancybox-wrap d-flex text-center layout-2\">\n    <div class=\"fancybox-inner relative\">\n                    <div class=\"parallax-inner\"   style=\"--pxl-image-bg-parallax-inner: url(https:\/\/rabatriads.com\/wp-content\/uploads\/2026\/02\/CHANTEES.jpg)\"><\/div>\n                \n        <div class=\"inner-wrap\">\n                          \n            <div class=\"pxl-fancybox-content\">\n                                <h3 class=\"title pxl-heading\">\n                    20 \/02\/2026 - 20H30 <br \/>\nCath\u00e9drale Saint Pierre - RABAT                <\/h3>\n                                                <div class=\"desc\">\n                    Le Ch\u0153ur Philharmonique du Maroc pr\u00e9sente Chant\u00e9es, une tourn\u00e9e con\u00e7ue comme un v\u00e9ritable voyage vocal \u00e0 travers les \u00e9poques, les cultures et les styles, guid\u00e9 par un fil conducteur puissant : les compositrices \u00e0 travers les \u00e2ges, les voix de femmes et interpr\u00e8tes, et l\u2019\u00e9motion universelle que seul le chant choral peut transmettre.                <\/div>\n                                <a class=\"pxl-readmore d-flex align-items-center\" href=\"https:\/\/www.ticket.ma\/ticket\/opm\/4006\/chantees-cpm-rabat-2026\" target=\"_blank\">                    <span class=\"pxl-button-text\">View More<\/span>\n                    <span class=\"pxl-icon pxli-long-arrow-right\"><\/span>\n                <\/a>            <\/div> \n        <\/div>\n        <div class=\"title-bottom\">\n                            <h3 class=\"title pxl-heading\">\n                    20 \/02\/2026 - 20H30 <br \/>\nCath\u00e9drale Saint Pierre - RABAT                <\/h3>\n                    <\/div>\n    <\/div>  \n<\/div>\n \n\n\n\n\t\t<\/div>\n\t\t\t\t<\/div>\n\t\t            <\/div>\n        <\/div>\n                <div class=\"elementor-column elementor-col-50 elementor-top-column elementor-element elementor-element-b1be9f3 col-offset-none pxl-column-element-default pxl-column-overflow-hidden-no\" data-id=\"b1be9f3\" data-element_type=\"column\">\n        <div class=\"elementor-widget-wrap elementor-element-populated\">\n                    \t\t<div class=\"elementor-element elementor-element-a742353 pxl-fancybox-layout-2 pxl-svg-animated-true elementor-widget elementor-widget-pxl_fancy_box\" data-id=\"a742353\" data-element_type=\"widget\" data-settings=\"{&quot;animate_speed&quot;:2}\" data-widget_type=\"pxl_fancy_box.default\">\n\t\t\t\t<div class=\"elementor-widget-container\">\n\t\t\t \n<div class=\"pxl-fancybox-wrap d-flex text-center layout-2\">\n    <div class=\"fancybox-inner relative\">\n                    <div class=\"parallax-inner\"   style=\"--pxl-image-bg-parallax-inner: url(https:\/\/rabatriads.com\/wp-content\/uploads\/2026\/02\/Gnawa-concert-26.jpg)\"><\/div>\n                \n        <div class=\"inner-wrap\">\n                          \n            <div class=\"pxl-fancybox-content\">\n                                <h3 class=\"title pxl-heading\">\n                    Gnawa Diffusion en concert au The\u00e2tre Mohamd V de RABAT                <\/h3>\n                                                <div class=\"desc\">\n                    Le 15 Mai 2026, Gnawa Diffusion se produira en concert au Th\u00e9\u00e2tre National Mohammed V de Rabat, dans un \u00e9v\u00e9nement organis\u00e9 par UnderGround. Ce groupe embl\u00e9matique, men\u00e9 par Amazigh Kateb, est reconnu pour sa fusion audacieuse des rythmes traditionnels gnawa avec des influences modernes telles que le reggae, le rock et le funk. Leur musique, engag\u00e9e et envo\u00fbtante, aborde des th\u00e8mes de paix, de tol\u00e9rance et de r\u00e9flexion sociale.                <\/div>\n                                <a class=\"pxl-readmore d-flex align-items-center\" href=\"https:\/\/www.ticket.ma\/ticket\/underground\/3845\/gnawa-diffusion-en-concert-a-rabat-2026\" target=\"_blank\">                    <span class=\"pxl-button-text\">View More<\/span>\n                    <span class=\"pxl-icon pxli-long-arrow-right\"><\/span>\n                <\/a>            <\/div> \n        <\/div>\n        <div class=\"title-bottom\">\n                            <h3 class=\"title pxl-heading\">\n                    Gnawa Diffusion en concert au The\u00e2tre Mohamd V de RABAT                <\/h3>\n                    <\/div>\n    <\/div>  \n<\/div>\n \n\n\n\n\t\t<\/div>\n\t\t\t\t<\/div>\n\t\t            <\/div>\n        <\/div>\n        \t\t\t<\/div>\n\t\t<\/section>\n\t\t\t\t<\/div>","protected":false},"excerpt":{"rendered":"<p>royal and cultural events rabat, city of light, is a UNESCO world heritage site. MOROCCO WILL HOST THE CAN CAN IN DECEMBER 2025 Music, exhibitions, festivals, competitions - Morocco's capital offers a rich and varied schedule of events of all kinds. FADO FESTIVAL 18 and 19 September 2025 AT THE MOHAMED V THEATRE View More FADO FESTIVAL [...]<\/p>","protected":false},"author":1,"featured_media":0,"parent":0,"menu_order":0,"comment_status":"closed","ping_status":"closed","template":"","meta":{"footnotes":""},"folder":[89],"class_list":["post-18052","page","type-page","status-publish","hentry"],"yoast_head":"<!-- This site is optimized with the Yoast SEO plugin v25.6 - https:\/\/yoast.com\/wordpress\/plugins\/seo\/ -->\n<title>Ev\u00e9nements - Rabat Riads<\/title>\n<meta name=\"robots\" content=\"index, follow, max-snippet:-1, max-image-preview:large, max-video-preview:-1\" \/>\n<link rel=\"canonical\" href=\"https:\/\/rabatriads.com\/en\/evenements\/\" \/>\n<meta property=\"og:locale\" content=\"en_GB\" \/>\n<meta property=\"og:type\" content=\"article\" \/>\n<meta property=\"og:title\" content=\"Ev\u00e9nements - Rabat Riads\" \/>\n<meta property=\"og:description\" content=\"\u00e9venements Royale et culturelle rabat, ville lumi\u00e8re est inscrite au patrimoine mondial de L\u2019UNESCO. LE MAROC ACCUEILLERA LA CAN EN DECEMBRE 2025 Musique, expositions, festivals, comp\u00e9titions, la capitale du Maroc propose un agenda riche et vari\u00e9 D\u2019EVENEMENTS en tous genre. FADO FESTIVAL 18 et 19 septembre 2025 AU The\u00e2tre MOHAMED V Voir Plus FADO FESTIVAL [&hellip;]\" \/>\n<meta property=\"og:url\" content=\"https:\/\/rabatriads.com\/en\/evenements\/\" \/>\n<meta property=\"og:site_name\" content=\"Rabat Riads\" \/>\n<meta property=\"article:modified_time\" content=\"2026-02-11T15:53:44+00:00\" \/>\n<meta name=\"twitter:card\" content=\"summary_large_image\" \/>\n<meta name=\"twitter:label1\" content=\"Estimated reading time\" \/>\n\t<meta name=\"twitter:data1\" content=\"2 minutes\" \/>\n<script type=\"application\/ld+json\" class=\"yoast-schema-graph\">{\"@context\":\"https:\/\/schema.org\",\"@graph\":[{\"@type\":\"WebPage\",\"@id\":\"https:\/\/rabatriads.com\/evenements\/\",\"url\":\"https:\/\/rabatriads.com\/evenements\/\",\"name\":\"Ev\u00e9nements - Rabat Riads\",\"isPartOf\":{\"@id\":\"https:\/\/rabatriads.com\/#website\"},\"datePublished\":\"2024-07-25T12:17:47+00:00\",\"dateModified\":\"2026-02-11T15:53:44+00:00\",\"breadcrumb\":{\"@id\":\"https:\/\/rabatriads.com\/evenements\/#breadcrumb\"},\"inLanguage\":\"en-GB\",\"potentialAction\":[{\"@type\":\"ReadAction\",\"target\":[\"https:\/\/rabatriads.com\/evenements\/\"]}]},{\"@type\":\"BreadcrumbList\",\"@id\":\"https:\/\/rabatriads.com\/evenements\/#breadcrumb\",\"itemListElement\":[{\"@type\":\"ListItem\",\"position\":1,\"name\":\"Accueil\",\"item\":\"https:\/\/rabatriads.com\/\"},{\"@type\":\"ListItem\",\"position\":2,\"name\":\"Ev\u00e9nements\"}]},{\"@type\":\"WebSite\",\"@id\":\"https:\/\/rabatriads.com\/#website\",\"url\":\"https:\/\/rabatriads.com\/\",\"name\":\"Rabat Riads\",\"description\":\"DES ENDROITS AUTHENTIQUES POUR UNE EXPERIENCE UNIQUE\",\"publisher\":{\"@id\":\"https:\/\/rabatriads.com\/#organization\"},\"potentialAction\":[{\"@type\":\"SearchAction\",\"target\":{\"@type\":\"EntryPoint\",\"urlTemplate\":\"https:\/\/rabatriads.com\/?s={search_term_string}\"},\"query-input\":{\"@type\":\"PropertyValueSpecification\",\"valueRequired\":true,\"valueName\":\"search_term_string\"}}],\"inLanguage\":\"en-GB\"},{\"@type\":\"Organization\",\"@id\":\"https:\/\/rabatriads.com\/#organization\",\"name\":\"Rabat Riads\",\"url\":\"https:\/\/rabatriads.com\/\",\"logo\":{\"@type\":\"ImageObject\",\"inLanguage\":\"en-GB\",\"@id\":\"https:\/\/rabatriads.com\/#\/schema\/logo\/image\/\",\"url\":\"https:\/\/rabatriads.com\/wp-content\/uploads\/2022\/08\/rabat-riads-logo-removebg-preview.png\",\"contentUrl\":\"https:\/\/rabatriads.com\/wp-content\/uploads\/2022\/08\/rabat-riads-logo-removebg-preview.png\",\"width\":1034,\"height\":234,\"caption\":\"Rabat Riads\"},\"image\":{\"@id\":\"https:\/\/rabatriads.com\/#\/schema\/logo\/image\/\"}}]}<\/script>\n<!-- \/ Yoast SEO plugin. -->","yoast_head_json":{"title":"Ev\u00e9nements - Rabat Riads","robots":{"index":"index","follow":"follow","max-snippet":"max-snippet:-1","max-image-preview":"max-image-preview:large","max-video-preview":"max-video-preview:-1"},"canonical":"https:\/\/rabatriads.com\/en\/evenements\/","og_locale":"en_GB","og_type":"article","og_title":"Ev\u00e9nements - Rabat Riads","og_description":"\u00e9venements Royale et culturelle rabat, ville lumi\u00e8re est inscrite au patrimoine mondial de L\u2019UNESCO. LE MAROC ACCUEILLERA LA CAN EN DECEMBRE 2025 Musique, expositions, festivals, comp\u00e9titions, la capitale du Maroc propose un agenda riche et vari\u00e9 D\u2019EVENEMENTS en tous genre. FADO FESTIVAL 18 et 19 septembre 2025 AU The\u00e2tre MOHAMED V Voir Plus FADO FESTIVAL [&hellip;]","og_url":"https:\/\/rabatriads.com\/en\/evenements\/","og_site_name":"Rabat Riads","article_modified_time":"2026-02-11T15:53:44+00:00","twitter_card":"summary_large_image","twitter_misc":{"Estimated reading time":"2 minutes"},"schema":{"@context":"https:\/\/schema.org","@graph":[{"@type":"WebPage","@id":"https:\/\/rabatriads.com\/evenements\/","url":"https:\/\/rabatriads.com\/evenements\/","name":"Ev\u00e9nements - Rabat Riads","isPartOf":{"@id":"https:\/\/rabatriads.com\/#website"},"datePublished":"2024-07-25T12:17:47+00:00","dateModified":"2026-02-11T15:53:44+00:00","breadcrumb":{"@id":"https:\/\/rabatriads.com\/evenements\/#breadcrumb"},"inLanguage":"en-GB","potentialAction":[{"@type":"ReadAction","target":["https:\/\/rabatriads.com\/evenements\/"]}]},{"@type":"BreadcrumbList","@id":"https:\/\/rabatriads.com\/evenements\/#breadcrumb","itemListElement":[{"@type":"ListItem","position":1,"name":"Accueil","item":"https:\/\/rabatriads.com\/"},{"@type":"ListItem","position":2,"name":"Ev\u00e9nements"}]},{"@type":"WebSite","@id":"https:\/\/rabatriads.com\/#website","url":"https:\/\/rabatriads.com\/","name":"Rabat Riads","description":"DES ENDROITS AUTHENTIQUES POUR UNE EXPERIENCE UNIQUE","publisher":{"@id":"https:\/\/rabatriads.com\/#organization"},"potentialAction":[{"@type":"SearchAction","target":{"@type":"EntryPoint","urlTemplate":"https:\/\/rabatriads.com\/?s={search_term_string}"},"query-input":{"@type":"PropertyValueSpecification","valueRequired":true,"valueName":"search_term_string"}}],"inLanguage":"en-GB"},{"@type":"Organization","@id":"https:\/\/rabatriads.com\/#organization","name":"Rabat Riads","url":"https:\/\/rabatriads.com\/","logo":{"@type":"ImageObject","inLanguage":"en-GB","@id":"https:\/\/rabatriads.com\/#\/schema\/logo\/image\/","url":"https:\/\/rabatriads.com\/wp-content\/uploads\/2022\/08\/rabat-riads-logo-removebg-preview.png","contentUrl":"https:\/\/rabatriads.com\/wp-content\/uploads\/2022\/08\/rabat-riads-logo-removebg-preview.png","width":1034,"height":234,"caption":"Rabat Riads"},"image":{"@id":"https:\/\/rabatriads.com\/#\/schema\/logo\/image\/"}}]}},"_links":{"self":[{"href":"https:\/\/rabatriads.com\/en\/wp-json\/wp\/v2\/pages\/18052","targetHints":{"allow":["GET"]}}],"collection":[{"href":"https:\/\/rabatriads.com\/en\/wp-json\/wp\/v2\/pages"}],"about":[{"href":"https:\/\/rabatriads.com\/en\/wp-json\/wp\/v2\/types\/page"}],"author":[{"embeddable":true,"href":"https:\/\/rabatriads.com\/en\/wp-json\/wp\/v2\/users\/1"}],"replies":[{"embeddable":true,"href":"https:\/\/rabatriads.com\/en\/wp-json\/wp\/v2\/comments?post=18052"}],"version-history":[{"count":9,"href":"https:\/\/rabatriads.com\/en\/wp-json\/wp\/v2\/pages\/18052\/revisions"}],"predecessor-version":[{"id":22300,"href":"https:\/\/rabatriads.com\/en\/wp-json\/wp\/v2\/pages\/18052\/revisions\/22300"}],"wp:attachment":[{"href":"https:\/\/rabatriads.com\/en\/wp-json\/wp\/v2\/media?parent=18052"}],"wp:term":[{"taxonomy":"folder","embeddable":true,"href":"https:\/\/rabatriads.com\/en\/wp-json\/wp\/v2\/folder?post=18052"}],"curies":[{"name":"wp","href":"https:\/\/api.w.org\/{rel}","templated":true}]}}